{"id":1559,"date":"2022-01-22T16:49:46","date_gmt":"2022-01-22T16:49:46","guid":{"rendered":"https:\/\/metalfly.it\/privacy-policy\/"},"modified":"2022-09-01T12:45:33","modified_gmt":"2022-09-01T12:45:33","slug":"privacy-policy","status":"publish","type":"page","link":"https:\/\/metalfly.it\/en\/privacy-policy\/","title":{"rendered":"Privacy Policy"},"content":{"rendered":"[vc_row type=&#8221;in_container&#8221; full_screen_row_position=&#8221;middle&#8221; column_margin=&#8221;default&#8221; column_direction=&#8221;default&#8221; column_direction_tablet=&#8221;default&#8221; column_direction_phone=&#8221;default&#8221; scene_position=&#8221;center&#8221; text_color=&#8221;dark&#8221; text_align=&#8221;left&#8221; row_border_radius=&#8221;none&#8221; row_border_radius_applies=&#8221;bg&#8221; overflow=&#8221;visible&#8221; overlay_strength=&#8221;0.3&#8243; gradient_direction=&#8221;left_to_right&#8221; shape_divider_position=&#8221;bottom&#8221; bg_image_animation=&#8221;none&#8221;][vc_column column_padding=&#8221;no-extra-padding&#8221; column_padding_tablet=&#8221;inherit&#8221; column_padding_phone=&#8221;inherit&#8221; column_padding_position=&#8221;all&#8221; column_element_spacing=&#8221;default&#8221; background_color_opacity=&#8221;1&#8243; background_hover_color_opacity=&#8221;1&#8243; column_shadow=&#8221;none&#8221; column_border_radius=&#8221;none&#8221; column_link_target=&#8221;_self&#8221; column_position=&#8221;default&#8221; gradient_direction=&#8221;left_to_right&#8221; overlay_strength=&#8221;0.3&#8243; width=&#8221;1\/1&#8243; tablet_width_inherit=&#8221;default&#8221; tablet_text_alignment=&#8221;default&#8221; phone_text_alignment=&#8221;default&#8221; animation_type=&#8221;default&#8221; bg_image_animation=&#8221;none&#8221; border_type=&#8221;simple&#8221; column_border_width=&#8221;none&#8221; column_border_style=&#8221;solid&#8221;][vc_column_text]\n<p class=\"p1\"><b>Informativa ai sensi del Regolamento UE 2016\/679 (\u201cGDPR\u201d)<\/b><\/p>\n<p class=\"p1\">Ai sensi dell\u2019articolo 12 del GDPR, La informiamo che i Suoi dati sono trattati nel rispetto di quanto stabilito, e in particolare quanto segue.<\/p>\n<p class=\"p1\"><b>Titolare del trattamento<br \/>\n<\/b>Il titolare del trattamento \u00e8 <strong>METAL FLY srl<\/strong><b> \u2013 via dell&#8217;Artigianato, 35 \u2013 61030 Lucrezia di Cartoceto (PU) \u2013 ITALY<\/b><\/p>\n<p class=\"p1\"><b>Dati forniti dall\u2019interessato<\/b><br \/>\nConserviamo i dati che ci hai fornito volontariamente via documenti cartacei, e-mail o tramite il sito, a titolo esemplificativo: nome, cognome, e-mail, telefono.<br \/>\nI dati che ci arrivano tramite e-mail (quindi anche provenienti dai moduli presenti sul sito) possono contenere anche l\u2019indirizzo IP del richiedente e\/o del suo server di posta e lo user agent, dati che vengono quindi conservati insieme agli altri dati.<br \/>\nConserviamo anche cookie, per i quali si rimanda all\u2019apposita sezione in questo sito.<br \/>\nSe hai meno di 16 anni non puoi fornirci alcun dato personale, ed in ogni caso non assumiamo responsabilit\u00e0 per eventuali dichiarazioni mendaci da te fornite. Qualora ci accorgessimo dell\u2019esistenza di dichiarazioni non veritiere procederemo con la cancellazione immediata di ogni dato personale acquisito.<\/p>\n<p class=\"p1\"><b>Dati raccolti automaticamente<\/b><br \/>\nI sistemi informatici e le procedure software preposte al funzionamento di questo sito acquisiscono, nel corso del loro normale esercizio, alcuni dati personali la cui trasmissione \u00e8 implicita nell\u2019uso dei protocolli di comunicazione di Internet. Si tratta di informazioni che non sono raccolte per essere associate a interessati identificati, ma che per loro stessa natura potrebbero, attraverso elaborazioni ed associazioni con dati detenuti da terzi, permettere di identificare gli utenti. In questa categoria di dati rientrano gli indirizzi IP o i nomi a dominio dei computer utilizzati dagli utenti che si connettono al sito, gli indirizzi in notazione URI (Uniform Resource Identifier) delle risorse richieste, l\u2019orario della richiesta, il metodo utilizzato nel sottoporre la richiesta al server, la dimensione del file ottenuto in risposta, il codice numerico indicante lo stato della risposta data dal server (buon fine, errore, ecc.) ed altri parametri relativi al sistema operativo e all\u2019ambiente informatico dell\u2019utente. Questi dati vengono utilizzati al solo fine di ricavare informazioni statistiche anonime sull\u2019uso del sito e per controllarne il corretto funzionamento e vengono cancellati immediatamente dopo l\u2019elaborazione. I dati potrebbero essere utilizzati per l\u2019accertamento di responsabilit\u00e0 in caso di ipotetici reati informatici ai danni del Sito o a terzi: salva questa eventualit\u00e0, allo stato i dati sui contatti web non vengono conservati in maniera permanente, a meno di eventuali richieste dell\u2019utente.<br \/>\nCon riferimento all\u2019utilizzo dei cookies, la invitiamo a consultare la sezione sottostante.<\/p>\n<p class=\"p1\"><b>Finalit\u00e0 del trattamento<\/b><br \/>\nNello specifico i tuoi dati personali sono trattati per le seguenti finalit\u00e0 e basi giuridiche:<\/p>\n<ul class=\"ul1\">\n<li class=\"li1\">senza il tuo preventivo consenso per le finalit\u00e0 di servizio e in particolare per:<br \/>\n\u2013 l\u2019esecuzione del contratto o l\u2019adempimento di impegni precontrattuali<br \/>\n\u2013 gestire e mantenere i siti web<br \/>\n\u2013 fornire, amministrare e gestire tutti i servizi da te richiesti, provvedendo ove necessario alla relativa fatturazione, all\u2019invio di comunicazioni di servizio ed all\u2019assistenza<br \/>\n\u2013 effettuare analisi statistiche aggregate su base anonima<\/li>\n<li class=\"li1\">il perseguimento di un legittimo interesse del Titolare:<br \/>\n\u2013 gestire i reclami ed i contenziosi, recuperare i crediti, prevenire frodi e attivit\u00e0 illecite<br \/>\n\u2013 inviarti comunicazioni commerciali all\u2019indirizzo email da te fornito, se sei gi\u00e0 nostro cliente, relative a servizi e prodotti simili a quelli di cui hai gi\u00e0 fruito. Ogni email inviata ti permetter\u00e0, cliccando sull\u2019apposito link, di rifiutare ulteriori invii.<\/li>\n<li class=\"li1\">l\u2019adempimento di obblighi di legge<\/li>\n<li class=\"li1\">solo dietro espresso consenso, ove previsto sul sito o via mail, per finalit\u00e0 di marketing.<\/li>\n<\/ul>\n<p class=\"p1\"><b>Modalit\u00e0 e sicurezza del trattamento<\/b><br \/>\nIl trattamento dei dati (raccolta registrazione conservazione e utilizzo), viene eseguito in modalit\u00e0 analogica e digitale.<br \/>\nI dati sono raccolti secondo le misure di sicurezza previste dal GDPR, selezionate dal titolare del trattamento tenendo conto dello stato dell\u2019arte e dei costi di attuazione, nonch\u00e9 della natura, dell\u2019oggetto, del contesto e delle finalit\u00e0 del trattamento, come anche del rischio di varia probabilit\u00e0 e gravit\u00e0 per i diritti e le libert\u00e0 delle persone fisiche.<\/p>\n<p class=\"p1\"><b>Natura del conferimento dei dati<\/b><br \/>\nIl conferimento dei dati \u00e8 necessario esclusivamente per prestare il servizio richiesto. L\u2019eventuale rifiuto al conferimento dei dati comporta l\u2019impossibilit\u00e0 di effettuare il servizio richiesto.<br \/>\nL\u2019invio facoltativo, esplicito e volontario di posta elettronica agli indirizzi indicati su questo sito comporta la successiva acquisizione dell\u2019indirizzo del mittente, necessario per rispondere alle richieste, nonch\u00e9 degli eventuali altri dati personali inseriti nella missiva. Le informazioni fornite non saranno comunicate a soggetti estranei alla sua elaborazione.<\/p>\n<p class=\"p1\"><b>Durata del trattamento<\/b><br \/>\nI dati saranno trattati per il tempo necessario all\u2019esecuzione del servizio richiesto.<br \/>\nIn caso di richieste di natura precontrattuale, i dati saranno conservati per interesse legittimo, per un periodo massimo di 3 anni, esclusivamente per completare il processo richiesto.<br \/>\nLe fatture, i documenti contabili e i dati relativi alle transazioni sono conservati secondo i termini di legge (stimati a 10 anni) pi\u00f9 12 mesi ulteriori per il tempo di chiusura del rapporto.<br \/>\nI dati raccolti per finalit\u00e0 di marketing, sono conservati per non oltre 12 mesi dalla fine del rapporto.<\/p>\n<p class=\"p1\"><b>Comunicazione dei dati<\/b><br \/>\nPossono venire a conoscenza dei dati il personale commerciale, consulenti del lavoro che si occupano di contabilit\u00e0, i tecnici, i programmatori ed il personale amministrativo appositamente incaricati, enti ed autorit\u00e0 amministrative e giudiziarie in virt\u00f9 degli obblighi di legge.<br \/>\nE\u2019 possibile richiedere in sede l\u2019elenco degli incaricati.<br \/>\nI dati raccolti non saranno ceduti o venduti a societ\u00e0 esterne.<br \/>\nI dati eventualmente raccolti o conservati dal sito, con le modalit\u00e0 sopra precisate, non vengono trasmessi a terzi, a parte i dati che vengono elaborati da Google Analytics, un servizio di analisi web fornito da Google, Inc. (\u201cGoogle\u00a9\u201d). Google Analytics utilizza dei cookies per il suo funzionamento, e le informazioni generate dal cookie sull\u2019utilizzo del sito web da parte dei visitatori trasmesse a Google, e depositate presso i server di Google negli Stati Uniti. Google utilizza queste informazioni allo scopo di tracciare e esaminare l\u2019utilizzo del sito web, compilare report sulle attivit\u00e0 del sito web per gli operatori del sito web e fornire altri servizi relativi alle attivit\u00e0 del sito web e all\u2019utilizzo di Internet. Google pu\u00f2 anche trasferire queste informazioni a terzi ove ci\u00f2 sia imposto dalla legge o laddove tali terzi trattino le suddette informazioni per conto di Google. Google non assocer\u00e0 l\u2019indirizzo IP a nessun altro dato posseduto da Google. Potete rifiutarvi di usare i cookies selezionando l\u2019impostazione appropriata sul vostro browser, ma ci\u00f2 potrebbe impedirvi di utilizzare tutte le funzionalit\u00e0 di questo sito web. Utilizzando il presente sito web, voi acconsentite al trattamento dei Vostri dati da parte di Google per le modalit\u00e0 e i fini sopraindicati. Per ulteriori informazioni sull\u2019uso dei dati e sul loro trattamento da parte di Google si raccomanda di prendere visione delle informazioni al seguente indirizzo internet: http:\/\/www.google.it\/privacypolicy.html.<br \/>\nI dati forniti via e-mail o conservati sul database del sito sono memorizzati su server europei.<\/p>\n<p class=\"p1\"><b>Diritti dell\u2019interessato<\/b><\/p>\n<ol class=\"ol1\">\n<li class=\"li1\"><b>Accesso<\/b>. L\u2019interessato ha diritto di ottenere la conferma che sia o meno in corso un trattamento di dati personali che lo riguardano e in tal caso, di ottenere l\u2019accesso ai dati personali e alle seguenti informazioni:<br \/>\na. qualora i dati non siano raccolti presso l\u2019interessato, l\u2019origine dei dati personali;<br \/>\nb. le finalit\u00e0 del trattamento<br \/>\nc. le categorie di dati personali;<br \/>\nd. i destinatari o le categorie di destinatari a cui i dati personali sono stati o saranno comunicati,<br \/>\ne. il periodo di conservazione o i criteri utilizzati per determinarlo f. l\u2019esistenza di un processo decisionale automatizzato (profilazione).<\/li>\n<li class=\"li1\"><b>Revoca<\/b>. L\u2019interessato pu\u00f2 revocare in ogni momento il consenso al trattamento dei propri dati personali precedentemente espresso.<\/li>\n<li class=\"li1\"><b>Rettifica, cancellazione e limitazione<\/b>. L\u2019interessato ha diritto di ottenere:<br \/>\na. la rettifica dei dati personali inesatti che lo riguardano o l\u2019integrazione di dati incompleti, senza ingiustificato ritardo;<br \/>\nb. la cancellazione dei dati personali che lo riguardano senza ingiustificato ritardo, fermo restando gli obblighi di legge;<br \/>\nc. la limitazione del trattamento dei dati nel caso ricorra una delle condizioni previste all\u2019articolo 18 del GDPR; d. l\u2019attestazione che le operazioni di cui alle lettere [a-b-c] sono state portate a conoscenza, anche per quanto riguarda il loro contenuto, di coloro ai quali i dati sono stati comunicati o diffusi, eccettuato il caso in cui tale adempimento si rivela impossibile o comporta un impiego di mezzi manifestamente sproporzionato rispetto al diritto tutelato.<\/li>\n<li class=\"li1\"><b>Opposizione<\/b>. L\u2019interessato ha diritto di opporsi, in tutto o in parte:<br \/>\na. per motivi legittimi al trattamento dei dati personali che lo riguardano, ancorch\u00e9 pertinenti allo scopo della raccolta;<br \/>\nb. al trattamento di dati personali che lo riguardano a fini di invio di materiale pubblicitario o di vendita diretta o per il compimento di ricerche di mercato o di comunicazione commerciale.<\/li>\n<li class=\"li1\"><b>Portabilit\u00e0<\/b>. L\u2019interessato ha il diritto di ricevere i propri dati personali, forniti consapevolmente ed attivamente o attraverso la fruizione del servizio, in un formato strutturato, di uso comune e leggibile da dispositivo automatico, e di trasmetterli ad un altro titolare del trattamento senza impedimenti<\/li>\n<li class=\"li1\"><b>Reclamo<\/b>. L\u2019interessato pu\u00f2 proporre un\u00a0<a href=\"https:\/\/www.garanteprivacy.it\/home\/diritti\/come-agire-per-tutelare-i-tuoi-dati-personali\" rel=\"noopener\"><span class=\"s2\"><b>reclamo all\u2019autorit\u00e0<\/b><\/span><\/a>\u00a0di controllo della protezione dei dati personali competente o agire in sede giudiziale.<\/li>\n<\/ol>\n<p class=\"p1\">Per esercitare questi diritti potr\u00e0 mandare una raccomandata A\/R alla nostra sede o una mail a <b>metalfly@mfcagnoli.it<\/b><br \/>\nSi consiglia di utilizzare il\u00a0<a href=\"https:\/\/www.garanteprivacy.it\/web\/guest\/home\/docweb\/-\/docweb-display\/docweb\/1089924\" rel=\"noopener\"><span class=\"s2\"><b>modulo messo a disposizione dal garante della privacy italiano<\/b><\/span><\/a>.<br \/>\nLe richieste sono depositate a titolo gratuito e evase dal titolare nel pi\u00f9 breve tempo possibile, in ogni caso entro un mese.<\/p>\n<p class=\"p1\">Ultimo aggiornamento di questa informativa: 25\/05\/2018<\/p>\n<p class=\"p1\"><b>INFORMATIVA SUI COOKIE<\/b><\/p>\n<p class=\"p1\">Con il presente documento, <strong>METAL FLY srl<\/strong>, titolare del trattamento, fornisce agli utenti del sito\u00a0<b>www.metalfly.it<\/b>\u00a0alcune informazioni relative ai cookie utilizzati.<br \/>\nIl sito ospita esclusivamente cookie tecnici, per i quali non \u00e8 richiesto il consenso preventivo all\u2019utente.<br \/>\nI Google fonts non salvano cookie (<a href=\"https:\/\/developers.google.com\/fonts\/faq#what_does_using_the_google_fonts_api_mean_for_the_privacy_of_my_users\" rel=\"noopener\"><span class=\"s2\">https:\/\/developers.google.com\/fonts\/faq#what_does_using_the_google_fonts_api_mean_for_the_privacy_of_my_users<\/span><\/a>)<\/p>\n<p class=\"p1\">Cosa sono i cookie?<\/p>\n<p class=\"p1\">I cookie sono piccoli file di testo che i siti visitati salvano sul tuo dispositivo per poi andarli a rileggerle durante la stessa sessione di visite o in visite successive.<\/p>\n<p class=\"p1\">Quali tipi di cookie esistono?<\/p>\n<p class=\"p1\">I cookie si possono classificare in:<\/p>\n<ul class=\"ul1\">\n<li class=\"li1\">cookie tecnici<br \/>\ngarantiscono la normale navigazione e fruizione del sito web (permettendo, ad esempio, di realizzare un acquisto o autenticarsi per accedere ad aree riservate); anche i cookie analytics sono assimilati ai cookie tecnici laddove utilizzati direttamente dal gestore del sito per raccogliere informazioni, in forma aggregata, sul numero degli utenti e su come questi visitano il sito stesso; infine ci sono anche i cookie di funzionalit\u00e0, che permettono all\u2019utente la navigazione in funzione di una serie di criteri selezionati (ad esempio, la lingua, i prodotti selezionati per l\u2019acquisto) al fine di migliorare il servizio reso allo stesso; per l\u2019installazione di tali cookie non \u00e8 richiesto il preventivo consenso degli utenti.<\/li>\n<li class=\"li1\">cookie di profilazione<br \/>\nsono volti a creare profili relativi all\u2019utente e vengono utilizzati al fine di inviare messaggi pubblicitari in linea con le preferenze manifestate dallo stesso nell\u2019ambito della navigazione in rete; l\u2019utente deve essere adeguatamente informato sull\u2019uso degli stessi ed esprimere cos\u00ec il proprio valido consenso.<\/li>\n<\/ul>\n<p class=\"p1\">Questo sito non utilizza cookie di profilazione.<br \/>\nUn\u2019altra classicazione possibile \u00e8 quella tra<\/p>\n<ul class=\"ul1\">\n<li class=\"li1\">cookie di sessione<br \/>\ncookie tecnici che vengono cancellati quando l\u2019utente abbandona il sito<\/li>\n<li class=\"li1\">cookie temporanei o permanenti<br \/>\nvengono cancellati automaticamente dopo un determinato periodo di tempo.<\/li>\n<\/ul>\n<p class=\"p1\">Infine possiamo ancora dividerli in<\/p>\n<ul class=\"ul1\">\n<li class=\"li1\">cookie propri<br \/>\nsono installati dal sito stesso;<\/li>\n<li class=\"li1\">cookie di terze parti<br \/>\nquesto sito non utilizza cookie di terze parti.<\/li>\n<\/ul>\n<p class=\"p1\">Per ulteriori approfondimenti si rimanda al sito del Garante della Privacy\u00a0<a href=\"http:\/\/www.garanteprivacy.it\/cookie\" rel=\"noopener\"><span class=\"s2\">http:\/\/www.garanteprivacy.it\/cookie<\/span><\/a>\u00a0e al sito informativo sulla pubblicit\u00e0 comportamentale e la privacy online\u00a0<a href=\"http:\/\/www.youronlinechoices.com\/it\/\" rel=\"noopener\"><span class=\"s2\">http:\/\/www.youronlinechoices.com\/it\/<\/span><\/a><\/p>\n<p class=\"p1\">Come disabilitare i cookie mediante configurazione del browser<\/p>\n<p class=\"p1\"><b>Chrome<\/b><\/p>\n<ul class=\"ul1\">\n<li class=\"li1\">Men\u00f9 impostazioni (pulsante in alto a destra, di fianco alla barra degli indirizzi) &gt; Impostazioni &gt; Mostra Impostazioni Avanzate<\/li>\n<li class=\"li1\">Nella sezione \u201cPrivacy\u201d click su bottone \u201cImpostazioni contenuti\u201d<\/li>\n<li class=\"li1\">Nella sezione \u201cCookie\u201d modificare le impostazioni desiderate seguendo le istruzioni ufficiali su\u00a0<a href=\"https:\/\/support.google.com\/accounts\/answer\/61416?hl=it\" rel=\"noopener\"><span class=\"s2\">https:\/\/support.google.com\/accounts\/answer\/61416?hl=it<\/span><\/a>.<\/li>\n<\/ul>\n<p class=\"p1\"><b>Mozilla Firefox<\/b><\/p>\n<ul class=\"ul1\">\n<li class=\"li1\">Men\u00f9 impostazioni (pulsante in alto a destra, di fianco alla barra degli indirizzi) &gt; Opzioni<\/li>\n<li class=\"li1\">Nella sezione \u201cPrivacy\u201d click su bottone \u201cImpostazioni contenuti\u201d<\/li>\n<li class=\"li1\">Nella sezione \u201cTracciamento\u201d modificare le impostazioni desiderate seguendo le istruzioni ufficiali su\u00a0<a href=\"https:\/\/support.mozilla.org\/it\/kb\/Attivare%20e%20disattivare%20i%20cookie\" rel=\"noopener\"><span class=\"s2\">https:\/\/support.mozilla.org\/it\/kb\/Attivare%20e%20disattivare%20i%20cookie<\/span><\/a>.<\/li>\n<li class=\"li1\">Nella sezione \u201cCronologia\u201d modificare le impostazioni desiderate su \u201cUtilizza impostazioni personalizzate\u201d o rimuovere i singoli cookie.<\/li>\n<\/ul>\n<p class=\"p1\"><b>Internet Explorer<\/b><\/p>\n<ul class=\"ul1\">\n<li class=\"li1\">Men\u00f9 Strumenti &gt; Opzioni internet<\/li>\n<li class=\"li1\">Nella sezione \u201cPrivacy\u201d e \u201cImpostazioni\u201d modificare le impostazioni desiderate seguendo le istruzioni ufficiali su\u00a0<a href=\"http:\/\/windows.microsoft.com\/it-it\/internet-explorer\/delete-manage-cookies#ie=ie-11\" rel=\"noopener\"><span class=\"s2\">http:\/\/windows.microsoft.com\/it-it\/internet-explorer\/delete-manage-cookies#ie=ie-11<\/span><\/a>.<\/li>\n<\/ul>\n<p class=\"p1\"><b>Safari 6<\/b><\/p>\n<ul class=\"ul1\">\n<li class=\"li1\">Men\u00f9 Safari &gt; Preferenze &gt; Privacy<\/li>\n<li class=\"li1\">Nella sezione \u201cBlocca Cookie\u201d modificare le impostazioni desiderate seguendo le istruzioni ufficiali su\u00a0<a href=\"http:\/\/support.apple.com\/kb\/PH17191?viewlocale=it_IT&amp;locale=it_IT\" rel=\"noopener\"><span class=\"s2\">http:\/\/support.apple.com\/kb\/PH17191?viewlocale=it_IT&amp;locale=it_IT<\/span><\/a>.<\/li>\n<\/ul>\n<p class=\"p1\"><b>Safari iOS mobile<\/b><\/p>\n<ul class=\"ul1\">\n<li class=\"li1\">Men\u00f9 Impostazioni &gt; Safari<\/li>\n<li class=\"li1\">Nella sezione \u201cBlocca Cookie\u201d modificare le impostazioni desiderate seguendo le istruzioni ufficiali su\u00a0<a href=\"https:\/\/support.apple.com\/it-it\/HT201265\" rel=\"noopener\"><span class=\"s2\">https:\/\/support.apple.com\/it-it\/HT201265<\/span><\/a>.<\/li>\n<\/ul>\n<p class=\"p1\"><b>Opera<\/b><\/p>\n<ul class=\"ul1\">\n<li class=\"li1\">Men\u00f9 Opera &gt; Impostazioni &gt; Riservatezza e sicurezza<\/li>\n<li class=\"li1\">Nella sezione \u201cCookie\u201d modificare le impostazioni desiderate seguendo le istruzioni ufficiali su\u00a0<a href=\"http:\/\/help.opera.com\/opera\/Windows\/1781\/it\/controlPages.html#manageCookies\" rel=\"noopener\"><span class=\"s2\">http:\/\/help.opera.com\/opera\/Windows\/1781\/it\/controlPages.html#manageCookies<\/span><\/a>.<\/li>\n<\/ul>\n[\/vc_column_text][\/vc_column][\/vc_row][vc_row type=&#8221;in_container&#8221; full_screen_row_position=&#8221;middle&#8221; column_margin=&#8221;default&#8221; column_direction=&#8221;default&#8221; column_direction_tablet=&#8221;default&#8221; column_direction_phone=&#8221;default&#8221; scene_position=&#8221;center&#8221; text_color=&#8221;dark&#8221; text_align=&#8221;left&#8221; row_border_radius=&#8221;none&#8221; row_border_radius_applies=&#8221;bg&#8221; overflow=&#8221;visible&#8221; overlay_strength=&#8221;0.3&#8243; gradient_direction=&#8221;left_to_right&#8221; shape_divider_position=&#8221;bottom&#8221; bg_image_animation=&#8221;none&#8221;][vc_column column_padding=&#8221;no-extra-padding&#8221; column_padding_tablet=&#8221;inherit&#8221; column_padding_phone=&#8221;inherit&#8221; column_padding_position=&#8221;all&#8221; column_element_spacing=&#8221;default&#8221; background_color_opacity=&#8221;1&#8243; background_hover_color_opacity=&#8221;1&#8243; column_shadow=&#8221;none&#8221; column_border_radius=&#8221;none&#8221; column_link_target=&#8221;_self&#8221; column_position=&#8221;default&#8221; gradient_direction=&#8221;left_to_right&#8221; overlay_strength=&#8221;0.3&#8243; width=&#8221;1\/1&#8243; tablet_width_inherit=&#8221;default&#8221; tablet_text_alignment=&#8221;default&#8221; phone_text_alignment=&#8221;default&#8221; animation_type=&#8221;default&#8221; bg_image_animation=&#8221;none&#8221; border_type=&#8221;simple&#8221; column_border_width=&#8221;none&#8221; column_border_style=&#8221;solid&#8221;][vc_raw_html]JTNDc2NyaXB0JTIwaWQlM0QlMjJDb29raWVEZWNsYXJhdGlvbiUyMiUyMHNyYyUzRCUyMmh0dHBzJTNBJTJGJTJGY29uc2VudC5jb29raWVib3QuY29tJTJGZWNiZTVmNjMtODFjYi00ZDEyLTk0MDAtMTRlYTVkMGNmN2I0JTJGY2QuanMlMjIlMjB0eXBlJTNEJTIydGV4dCUyRmphdmFzY3JpcHQlMjIlMjBhc3luYyUzRSUzQyUyRnNjcmlwdCUzRQ==[\/vc_raw_html][\/vc_column][\/vc_row]\n","protected":false},"excerpt":{"rendered":"<p>[vc_row type=&#8221;in_container&#8221; full_screen_row_position=&#8221;middle&#8221; column_margin=&#8221;default&#8221; column_direction=&#8221;default&#8221; column_direction_tablet=&#8221;default&#8221; column_direction_phone=&#8221;default&#8221; scene_position=&#8221;center&#8221; text_color=&#8221;dark&#8221; text_align=&#8221;left&#8221; row_border_radius=&#8221;none&#8221; row_border_radius_applies=&#8221;bg&#8221; overflow=&#8221;visible&#8221; overlay_strength=&#8221;0.3&#8243; gradient_direction=&#8221;left_to_right&#8221; shape_divider_position=&#8221;bottom&#8221; bg_image_animation=&#8221;none&#8221;][vc_column column_padding=&#8221;no-extra-padding&#8221; column_padding_tablet=&#8221;inherit&#8221; column_padding_phone=&#8221;inherit&#8221; column_padding_position=&#8221;all&#8221; column_element_spacing=&#8221;default&#8221; background_color_opacity=&#8221;1&#8243; background_hover_color_opacity=&#8221;1&#8243; column_shadow=&#8221;none&#8221; column_border_radius=&#8221;none&#8221; column_link_target=&#8221;_self&#8221; column_position=&#8221;default&#8221; gradient_direction=&#8221;left_to_right&#8221; overlay_strength=&#8221;0.3&#8243;&#8230;<\/p>\n","protected":false},"author":1,"featured_media":0,"parent":0,"menu_order":0,"comment_status":"closed","ping_status":"closed","template":"","meta":{"content-type":"","footnotes":""},"_links":{"self":[{"href":"https:\/\/metalfly.it\/en\/wp-json\/wp\/v2\/pages\/1559"}],"collection":[{"href":"https:\/\/metalfly.it\/en\/wp-json\/wp\/v2\/pages"}],"about":[{"href":"https:\/\/metalfly.it\/en\/wp-json\/wp\/v2\/types\/page"}],"author":[{"embeddable":true,"href":"https:\/\/metalfly.it\/en\/wp-json\/wp\/v2\/users\/1"}],"replies":[{"embeddable":true,"href":"https:\/\/metalfly.it\/en\/wp-json\/wp\/v2\/comments?post=1559"}],"version-history":[{"count":2,"href":"https:\/\/metalfly.it\/en\/wp-json\/wp\/v2\/pages\/1559\/revisions"}],"predecessor-version":[{"id":1608,"href":"https:\/\/metalfly.it\/en\/wp-json\/wp\/v2\/pages\/1559\/revisions\/1608"}],"wp:attachment":[{"href":"https:\/\/metalfly.it\/en\/wp-json\/wp\/v2\/media?parent=1559"}],"curies":[{"name":"wp","href":"https:\/\/api.w.org\/{rel}","templated":true}]}}